{"id":256,"date":"2015-07-27T04:50:39","date_gmt":"2015-07-27T04:50:39","guid":{"rendered":"http:\/\/demo.vegatheme.com\/archilight\/?page_id=256"},"modified":"2026-03-02T11:48:02","modified_gmt":"2026-03-02T11:48:02","slug":"contact","status":"publish","type":"page","link":"https:\/\/sf-microscopie.fr\/en\/contact\/","title":{"rendered":"Contact"},"content":{"rendered":"<div class=\"wpb-content-wrapper\"><section class=\"wpb_row vc_row-fluid vc_custom_1438577300524\"><div class=\"container\"><div class=\"row\"><div class=\"wpb_column vc_column_container vc_col-sm-8 vc_col-has-fill\"><div class=\"vc_column-inner vc_custom_1667309323302\"><div class=\"wpb_wrapper wow fadeInLeft\"  >\n\t<!-- Element: OT Heading --> \t \n\t<h2 class=\"ot_custom_heading  \" style=\"\" >CONTACTEZ-NOUS<\/h2>\t\n<style id=\"wpforms-css-vars-2345\">\n\t\t\t\t#wpforms-2345 {\n\t\t\t\t--wpforms-container-padding: 0px;\n--wpforms-container-border-width: 1px;\n--wpforms-container-border-radius: 3px;\n--wpforms-background-color: rgba(0, 0, 0, 0);\n--wpforms-field-size-input-height: 43px;\n--wpforms-field-size-input-spacing: 15px;\n--wpforms-field-size-font-size: 16px;\n--wpforms-field-size-line-height: 19px;\n--wpforms-field-size-padding-h: 14px;\n--wpforms-field-size-checkbox-size: 16px;\n--wpforms-field-size-sublabel-spacing: 5px;\n--wpforms-field-size-icon-size: 1;\n--wpforms-label-size-font-size: 16px;\n--wpforms-label-size-line-height: 19px;\n--wpforms-label-size-sublabel-font-size: 14px;\n--wpforms-label-size-sublabel-line-height: 17px;\n--wpforms-button-size-font-size: 17px;\n--wpforms-button-size-height: 41px;\n--wpforms-button-size-padding-h: 15px;\n--wpforms-button-size-margin-top: 10px;\n--wpforms-container-shadow-size-box-shadow: none;\n\t\t\t}\n\t\t\t<\/style><div class=\"wpforms-container wpforms-container-full wpforms-render-modern\" id=\"wpforms-2345\"><form id=\"wpforms-form-2345\" class=\"wpforms-validate wpforms-form wpforms-ajax-form\" data-formid=\"2345\" method=\"post\" enctype=\"multipart\/form-data\" action=\"\/en\/wp-json\/wp\/v2\/pages\/256\" data-token=\"9885e727ce87dd76272d8e6eb9829b2d\" data-token-time=\"1776665907\"><noscript class=\"wpforms-error-noscript\">Please enable JavaScript in your browser to complete this form.<\/noscript><div id=\"wpforms-error-noscript\" style=\"display: none;\">Please enable JavaScript in your browser to complete this form.<\/div><div class=\"wpforms-field-container\"><div id=\"wpforms-2345-field_0-container\" class=\"wpforms-field wpforms-field-name\" data-field-id=\"0\"><fieldset><legend class=\"wpforms-field-label\">Nom <span class=\"wpforms-required-label\" aria-hidden=\"true\">*<\/span><\/legend><div class=\"wpforms-field-row wpforms-field-large\"><div class=\"wpforms-field-row-block wpforms-first wpforms-one-half\"><input type=\"text\" id=\"wpforms-2345-field_0\" class=\"wpforms-field-name-first wpforms-field-required\" name=\"wpforms[fields][0][first]\" placeholder=\"Votre nom\" aria-errormessage=\"wpforms-2345-field_0-error\" required><label for=\"wpforms-2345-field_0\" class=\"wpforms-field-sublabel after wpforms-sublabel-hide\">First<\/label><\/div><div class=\"wpforms-field-row-block wpforms-one-half\"><input type=\"text\" id=\"wpforms-2345-field_0-last\" class=\"wpforms-field-name-last wpforms-field-required\" name=\"wpforms[fields][0][last]\" placeholder=\"Votre pr\u00e9nom\" aria-errormessage=\"wpforms-2345-field_0-last-error\" required><label for=\"wpforms-2345-field_0-last\" class=\"wpforms-field-sublabel after wpforms-sublabel-hide\">Last<\/label><\/div><\/div><\/fieldset><\/div><div id=\"wpforms-2345-field_5-container\" class=\"wpforms-field wpforms-field-text\" data-field-id=\"5\"><label class=\"wpforms-field-label\" for=\"wpforms-2345-field_5\">Votre soci\u00e9t\u00e9 <span class=\"wpforms-required-label\" aria-hidden=\"true\">*<\/span><\/label><input type=\"text\" id=\"wpforms-2345-field_5\" class=\"wpforms-field-large wpforms-field-required\" name=\"wpforms[fields][5]\" placeholder=\"Votre soci\u00e9t\u00e9\" aria-errormessage=\"wpforms-2345-field_5-error\" required><\/div><div id=\"wpforms-2345-field_26-container\" class=\"wpforms-field wpforms-field-text\" data-field-id=\"26\"><label class=\"wpforms-field-label\" for=\"wpforms-2345-field_26\">Ville <span class=\"wpforms-required-label\" aria-hidden=\"true\">*<\/span><\/label><input type=\"text\" id=\"wpforms-2345-field_26\" class=\"wpforms-field-large wpforms-field-required\" name=\"wpforms[fields][26]\" placeholder=\"Ville\" aria-errormessage=\"wpforms-2345-field_26-error\" required><\/div><div id=\"wpforms-2345-field_25-container\" class=\"wpforms-field wpforms-field-text\" data-field-id=\"25\"><label class=\"wpforms-field-label\" for=\"wpforms-2345-field_25\">Code postal <span class=\"wpforms-required-label\" aria-hidden=\"true\">*<\/span><\/label><input type=\"text\" id=\"wpforms-2345-field_25\" class=\"wpforms-field-medium wpforms-field-required\" name=\"wpforms[fields][25]\" placeholder=\"Code postal\" aria-errormessage=\"wpforms-2345-field_25-error\" required><\/div><div id=\"wpforms-2345-field_6-container\" class=\"wpforms-field wpforms-field-text\" data-field-id=\"6\"><label class=\"wpforms-field-label\" for=\"wpforms-2345-field_6\">Votre t\u00e9l\u00e9phone <span class=\"wpforms-required-label\" aria-hidden=\"true\">*<\/span><\/label><input type=\"text\" id=\"wpforms-2345-field_6\" class=\"wpforms-field-large wpforms-field-required\" name=\"wpforms[fields][6]\" placeholder=\"Votre t\u00e9l\u00e9phone\" aria-errormessage=\"wpforms-2345-field_6-error\" required><\/div><div id=\"wpforms-2345-field_1-container\" class=\"wpforms-field wpforms-field-email\" data-field-id=\"1\"><label class=\"wpforms-field-label\" for=\"wpforms-2345-field_1\">Votre email <span class=\"wpforms-required-label\" aria-hidden=\"true\">*<\/span><\/label><input type=\"email\" id=\"wpforms-2345-field_1\" class=\"wpforms-field-large wpforms-field-required\" name=\"wpforms[fields][1]\" placeholder=\"Votre email\" spellcheck=\"false\" aria-errormessage=\"wpforms-2345-field_1-error\" required><\/div><div id=\"wpforms-2345-field_23-container\" class=\"wpforms-field wpforms-field-checkbox\" data-field-id=\"23\"><fieldset><legend class=\"wpforms-field-label\">Centre d&#039;int\u00e9r\u00eat(s) :<\/legend><ul id=\"wpforms-2345-field_23\"><li class=\"choice-1 depth-1\"><input type=\"checkbox\" id=\"wpforms-2345-field_23_1\" name=\"wpforms[fields][23][]\" value=\"Les \u00e9clairages\" aria-errormessage=\"wpforms-2345-field_23_1-error\"  ><label class=\"wpforms-field-label-inline\" for=\"wpforms-2345-field_23_1\">Les \u00e9clairages<\/label><\/li><li class=\"choice-2 depth-1\"><input type=\"checkbox\" id=\"wpforms-2345-field_23_2\" name=\"wpforms[fields][23][]\" value=\"Les statifs\" aria-errormessage=\"wpforms-2345-field_23_2-error\"  ><label class=\"wpforms-field-label-inline\" for=\"wpforms-2345-field_23_2\">Les statifs<\/label><\/li><li class=\"choice-3 depth-1\"><input type=\"checkbox\" id=\"wpforms-2345-field_23_3\" name=\"wpforms[fields][23][]\" value=\"Les binoculaires\" aria-errormessage=\"wpforms-2345-field_23_3-error\"  ><label class=\"wpforms-field-label-inline\" for=\"wpforms-2345-field_23_3\">Les binoculaires<\/label><\/li><li class=\"choice-7 depth-1\"><input type=\"checkbox\" id=\"wpforms-2345-field_23_7\" name=\"wpforms[fields][23][]\" value=\"Les microscopes\" aria-errormessage=\"wpforms-2345-field_23_7-error\"  ><label class=\"wpforms-field-label-inline\" for=\"wpforms-2345-field_23_7\">Les microscopes<\/label><\/li><li class=\"choice-6 depth-1\"><input type=\"checkbox\" id=\"wpforms-2345-field_23_6\" name=\"wpforms[fields][23][]\" value=\"Nos services (vente, maintenance, r\u00e9paration mat\u00e9riels)\" aria-errormessage=\"wpforms-2345-field_23_6-error\"  ><label class=\"wpforms-field-label-inline\" for=\"wpforms-2345-field_23_6\">Nos services (vente, maintenance, r\u00e9paration mat\u00e9riels)<\/label><\/li><li class=\"choice-5 depth-1\"><input type=\"checkbox\" id=\"wpforms-2345-field_23_5\" name=\"wpforms[fields][23][]\" value=\"Autres\" aria-errormessage=\"wpforms-2345-field_23_5-error\"  ><label class=\"wpforms-field-label-inline\" for=\"wpforms-2345-field_23_5\">Autres<\/label><\/li><\/ul><\/fieldset><\/div><div id=\"wpforms-2345-field_2-container\" class=\"wpforms-field wpforms-field-textarea\" data-field-id=\"2\"><label class=\"wpforms-field-label wpforms-label-hide\" for=\"wpforms-2345-field_2\" aria-hidden=\"false\">Votre message compl\u00e9mentaire<\/label><textarea id=\"wpforms-2345-field_2\" class=\"wpforms-field-large\" name=\"wpforms[fields][2]\" placeholder=\"Votre message compl\u00e9mentaire\" aria-errormessage=\"wpforms-2345-field_2-error\" ><\/textarea><\/div><\/div><!-- .wpforms-field-container --><div class=\"wpforms-submit-container\" ><input type=\"hidden\" name=\"wpforms[id]\" value=\"2345\"><input type=\"hidden\" name=\"page_title\" value=\"\"><input type=\"hidden\" name=\"page_url\" value=\"https:\/\/sf-microscopie.fr\/en\/wp-json\/wp\/v2\/pages\/256\"><input type=\"hidden\" name=\"url_referer\" value=\"\"><button type=\"submit\" name=\"wpforms[submit]\" id=\"wpforms-submit-2345\" class=\"wpforms-submit\" aria-live=\"assertive\" value=\"wpforms-submit\">Envoyer<\/button><img loading=\"lazy\" decoding=\"async\" src=\"https:\/\/sf-microscopie.fr\/wp-content\/plugins\/wpforms-lite\/assets\/images\/submit-spin.svg\" class=\"wpforms-submit-spinner\" style=\"display: none;\" width=\"26\" height=\"26\" alt=\"Loading\"><\/div><\/form><\/div>  <!-- .wpforms-container --><div class=\"vc_empty_space\"   style=\"height: 10px\"><span class=\"vc_empty_space_inner\"><\/span><\/div><\/div><\/div><\/div><div class=\"wpb_column vc_column_container vc_col-sm-4 vc_col-has-fill\"><div class=\"vc_column-inner vc_custom_1667309344266\"><div class=\"wpb_wrapper wow fadeInRight\"  >\n\t<div  class=\"wpb_single_image wpb_content_element vc_align_left wpb_content_element\">\n\t\t\n\t\t<figure class=\"wpb_wrapper vc_figure\">\n\t\t\t<div class=\"vc_single_image-wrapper   vc_box_border_grey\"><img loading=\"lazy\" decoding=\"async\" width=\"300\" height=\"132\" src=\"https:\/\/sf-microscopie.fr\/wp-content\/uploads\/2026\/02\/logo-THEIA_INSTRUMENTS-png-transparent-300x132.png\" class=\"vc_single_image-img attachment-medium\" alt=\"\" title=\"logo-THEIA_INSTRUMENTS png transparent\" srcset=\"https:\/\/sf-microscopie.fr\/wp-content\/uploads\/2026\/02\/logo-THEIA_INSTRUMENTS-png-transparent-300x132.png 300w, https:\/\/sf-microscopie.fr\/wp-content\/uploads\/2026\/02\/logo-THEIA_INSTRUMENTS-png-transparent-1024x449.png 1024w, https:\/\/sf-microscopie.fr\/wp-content\/uploads\/2026\/02\/logo-THEIA_INSTRUMENTS-png-transparent-768x337.png 768w, https:\/\/sf-microscopie.fr\/wp-content\/uploads\/2026\/02\/logo-THEIA_INSTRUMENTS-png-transparent-18x8.png 18w, https:\/\/sf-microscopie.fr\/wp-content\/uploads\/2026\/02\/logo-THEIA_INSTRUMENTS-png-transparent.png 1153w\" sizes=\"auto, (max-width: 300px) 100vw, 300px\" \/><\/div>\n\t\t<\/figure>\n\t<\/div>\n\n\t<!-- Element: OT Heading --> \t \n\t<h3 class=\"ot_custom_heading  \" style=\"\" >NOS COORDONN\u00c9ES<\/h3>\t\n\n\t<div class=\"wpb_text_column wpb_content_element\" >\n\t\t<div class=\"wpb_wrapper\">\n\t\t\t<address>\n<div><b>Theia Instruments<\/b><br \/>\nCS 9605\u00a0 28130 PIERRES<\/div>\n<div><strong>T\u00e9l : <\/strong>02.37.23.13.85<\/div>\n<div><strong>Email : <a href=\"mailto:contact@sf-microscopie.fr\">contact@sf-microscopie.fr<\/a><\/strong><\/div>\n<div><strong>LinkedIn : <a href=\"https:\/\/www.linkedin.com\/company\/societe-francaise-de-microscopie\/\" target=\"_blank\" rel=\"noopener\">Theia Instruments<\/a><\/strong><\/div>\n<\/address>\n\n\t\t<\/div>\n\t<\/div>\n<\/div><\/div><\/div><\/div><\/div><\/section>\n<\/div>","protected":false},"excerpt":{"rendered":"CONTACTEZ-NOUS Please enable JavaScript in your browser to complete this form.Please enable JavaScript in your browser to complete this form.Nom *FirstLastVotre soci\u00e9t\u00e9 *Ville *Code postal *Votre t\u00e9l\u00e9phone *Votre email *Centre d&#039;int\u00e9r\u00eat(s) :Les \u00e9clairagesLes statifsLes binoculairesLes microscopesNos services (vente, maintenance, r\u00e9paration mat\u00e9riels)AutresVotre message compl\u00e9mentaireEnvoyer NOS COORDONN\u00c9ES Theia Instruments CS 9605\u00a0 28130 PIERRES T\u00e9l : 02.37.23.13.85 Email [...]","protected":false},"author":1,"featured_media":0,"parent":0,"menu_order":0,"comment_status":"open","ping_status":"open","template":"page-templates\/template-fullwidth.php","meta":{"footnotes":""},"class_list":["post-256","page","type-page","status-publish","hentry"],"_links":{"self":[{"href":"https:\/\/sf-microscopie.fr\/en\/wp-json\/wp\/v2\/pages\/256","targetHints":{"allow":["GET"]}}],"collection":[{"href":"https:\/\/sf-microscopie.fr\/en\/wp-json\/wp\/v2\/pages"}],"about":[{"href":"https:\/\/sf-microscopie.fr\/en\/wp-json\/wp\/v2\/types\/page"}],"author":[{"embeddable":true,"href":"https:\/\/sf-microscopie.fr\/en\/wp-json\/wp\/v2\/users\/1"}],"replies":[{"embeddable":true,"href":"https:\/\/sf-microscopie.fr\/en\/wp-json\/wp\/v2\/comments?post=256"}],"version-history":[{"count":31,"href":"https:\/\/sf-microscopie.fr\/en\/wp-json\/wp\/v2\/pages\/256\/revisions"}],"predecessor-version":[{"id":2705,"href":"https:\/\/sf-microscopie.fr\/en\/wp-json\/wp\/v2\/pages\/256\/revisions\/2705"}],"wp:attachment":[{"href":"https:\/\/sf-microscopie.fr\/en\/wp-json\/wp\/v2\/media?parent=256"}],"curies":[{"name":"wp","href":"https:\/\/api.w.org\/{rel}","templated":true}]}}