{"id":229,"date":"2015-07-27T03:29:01","date_gmt":"2015-07-27T03:29:01","guid":{"rendered":"http:\/\/demo.vegatheme.com\/archilight\/?page_id=229"},"modified":"2026-02-07T15:31:40","modified_gmt":"2026-02-07T15:31:40","slug":"a-propos","status":"publish","type":"page","link":"https:\/\/sf-microscopie.fr\/en\/a-propos\/","title":{"rendered":"About US"},"content":{"rendered":"<div class=\"wpb-content-wrapper\"><section class=\"wpb_row vc_row-fluid side-bg no-padding vc_custom_1474447018555 vc_row-has-fill no-padding\"><div class=\"row\"><div class=\"wpb_column vc_column_container vc_col-sm-12\"><div class=\"vc_column-inner\"><div class=\"wpb_wrapper\"  >\t<!-- Element: OT Quick Office -->\n\t<div class=\"side-bg\">\n\n\t\t<div class=\"image-container hidden-xs pull-left col-md-6\" style=\"background-image:url(https:\/\/sf-microscopie.fr\/wp-content\/uploads\/2023\/07\/Ivesta-3_integrated_monitor_users.jpg); ?>\" data-delay=\"0\"><\/div>\n\n\t\t<!-- Added this code in 26\/03\/2019 -->\n\t\t<img decoding=\"async\" class=\"visible-xs img-responsive\" src=\"https:\/\/sf-microscopie.fr\/wp-content\/uploads\/2023\/07\/Ivesta-3_integrated_monitor_users.jpg\" \/>\n\n        <div class=\"container\">\n            <div class=\"row\">\n                <div class=\"inner-padding\">\n                    <div class=\"col-md-5 col-md-offset-7 wow fadeInRight\" data-wow-delay=\".2s\">\n                        <h2>THEIA INSTRUMENTS<\/h2><br\/>\n                        <strong data-wp-editing=\"1\"><img loading=\"lazy\" decoding=\"async\" class=\"alignnone wp-image-2665\" src=\"https:\/\/sf-microscopie.fr\/wp-content\/uploads\/2025\/07\/Partner-Excellence-Program_Landscape_GOLD.jpg\" alt=\"\" width=\"669\" height=\"290\" srcset=\"https:\/\/sf-microscopie.fr\/wp-content\/uploads\/2025\/07\/Partner-Excellence-Program_Landscape_GOLD.jpg 800w, https:\/\/sf-microscopie.fr\/wp-content\/uploads\/2025\/07\/Partner-Excellence-Program_Landscape_GOLD-300x130.jpg 300w, https:\/\/sf-microscopie.fr\/wp-content\/uploads\/2025\/07\/Partner-Excellence-Program_Landscape_GOLD-768x333.jpg 768w, https:\/\/sf-microscopie.fr\/wp-content\/uploads\/2025\/07\/Partner-Excellence-Program_Landscape_GOLD-18x8.jpg 18w\" sizes=\"auto, (max-width: 669px) 100vw, 669px\" \/><\/strong><\/p>\n<p><b>Theia Instruments<\/b> specialize in optic equipment. For 40 years, our clients have benefitted from our expertise in the sale, maintenance, and consulting of microscopy equipment. Consequently, Leica has entrusted us with the exclusive sale of its range of microscopy equipment in France.<\/p>\n<hr \/>\n<p><strong><img loading=\"lazy\" decoding=\"async\" class=\"alignnone wp-image-2686\" src=\"https:\/\/sf-microscopie.fr\/wp-content\/uploads\/2025\/12\/RVB-LOGO-FDEF-LONG-300.png\" alt=\"\" width=\"300\" height=\"60\" srcset=\"https:\/\/sf-microscopie.fr\/wp-content\/uploads\/2025\/12\/RVB-LOGO-FDEF-LONG-300.png 965w, https:\/\/sf-microscopie.fr\/wp-content\/uploads\/2025\/12\/RVB-LOGO-FDEF-LONG-300-300x60.png 300w, https:\/\/sf-microscopie.fr\/wp-content\/uploads\/2025\/12\/RVB-LOGO-FDEF-LONG-300-768x153.png 768w, https:\/\/sf-microscopie.fr\/wp-content\/uploads\/2025\/12\/RVB-LOGO-FDEF-LONG-300-18x4.png 18w\" sizes=\"auto, (max-width: 300px) 100vw, 300px\" \/> <\/strong><\/p>\n<p><strong>Nous sommes membres de la F\u00e9d\u00e9ration de l&#8217;Electronique Fran\u00e7aise<\/strong>                    <\/div>\n                    <div class=\"clearfix\"><\/div>\n                <\/div>\n            <\/div>\n        <\/div>\n\t<\/div>\n\n<\/div><\/div><\/div><\/div><\/section><section class=\"wpb_row vc_row-fluid side-bg no-padding vc_custom_1690534857060 vc_row-has-fill no-padding\"><div class=\"row\"><div class=\"wpb_column vc_column_container vc_col-sm-12\"><div class=\"vc_column-inner vc_custom_1690366564147\"><div class=\"wpb_wrapper\"  >\t<!-- Element: OT Quick Office -->\n\t<div class=\"side-bg\">\n\n\t\t<div class=\"image-container hidden-xs pull-right right0 col-md-6 col-md-offset-6\" style=\"background-image:url(https:\/\/sf-microscopie.fr\/wp-content\/uploads\/2023\/07\/SFM_Equipe.jpg); ?>\" data-delay=\"0\"><\/div>\n\n\t\t<!-- Added this code in 26\/03\/2019 -->\n\t\t<img decoding=\"async\" class=\"visible-xs img-responsive\" src=\"https:\/\/sf-microscopie.fr\/wp-content\/uploads\/2023\/07\/SFM_Equipe.jpg\" \/>\n\n        <div class=\"container\">\n            <div class=\"row\">\n                <div class=\"inner-padding\">\n                    <div class=\"col-md-5 wow fadeInLeft\" data-wow-delay=\".2s\">\n                        <h2>OUR TEAMS<\/h2><br\/>\n                        <\/p>\n<p style=\"font-weight: 400;\"><strong>The management team<\/strong> est bas\u00e9e au si\u00e8ge historique de <b>Theia Instruments<\/b> \u00e0 Pierres.<\/p>\n<p style=\"font-weight: 400;\"><strong>Our team of technicians<\/strong> est compos\u00e9 de 5 techniciens form\u00e9s \u00e0 l&#8217;usine allemande de Leica. Ils se d\u00e9placent jusqu\u2019\u00e0 votre site.<\/p>\n<p style=\"font-weight: 400;\"><strong>The team<\/strong> is rounded out by our technical manager, our sales representative, and our two managers.<\/p>\n<p style=\"font-weight: 400;\"><strong>For more information about our products and services, please fill out our<\/strong><strong>\u00a0<\/strong><strong><a title=\"Contact\" href=\"https:\/\/sf-microscopie.fr\/en\/contact\/\">contact form<\/a>.<\/strong><\/p>\n<p style=\"font-weight: 400;\">Our<strong> Sales Force <\/strong>is composed of 6 sales representatives in France and 1 in Belgium. Click on your region to find your contact.<\/p>\n<p>                    <\/div>\n                    <div class=\"clearfix\"><\/div>\n                <\/div>\n            <\/div>\n        <\/div>\n\t<\/div>\n\n<\/div><\/div><\/div><\/div><\/section><section class=\"vc_section\"><section class=\"wpb_row vc_row-fluid\"><div class=\"container\"><div class=\"row\"><div class=\"wpb_column vc_column_container vc_col-sm-12\"><div class=\"vc_column-inner\"><div class=\"wpb_wrapper\"  ><div class=\"vc_empty_space\"   style=\"height: 32px\"><span class=\"vc_empty_space_inner\"><\/span><\/div><\/div><\/div><\/div><\/div><\/div><\/section><section class=\"wpb_row vc_row-fluid vc_custom_1690536735966 no-padding\"><div class=\"row\"><div class=\"wpb_column vc_column_container vc_col-sm-1\/5\"><div class=\"vc_column-inner\"><div class=\"wpb_wrapper\"  >\n\t<!-- Element: OT Our Team --> \t \n    <!-- team member -->\n    <div class=\"de-team-list team-box wow fadeInUp\">\n    \t\t        <div class=\"team-pic\">\n\t        \t<img loading=\"lazy\" decoding=\"async\" width=\"900\" height=\"900\" src=\"https:\/\/sf-microscopie.fr\/wp-content\/uploads\/2023\/07\/Re\u0301gion-Est.jpg\" class=\"img-responsive\" alt=\"\" srcset=\"https:\/\/sf-microscopie.fr\/wp-content\/uploads\/2023\/07\/Re\u0301gion-Est.jpg 900w, https:\/\/sf-microscopie.fr\/wp-content\/uploads\/2023\/07\/Re\u0301gion-Est-300x300.jpg 300w, https:\/\/sf-microscopie.fr\/wp-content\/uploads\/2023\/07\/Re\u0301gion-Est-150x150.jpg 150w, https:\/\/sf-microscopie.fr\/wp-content\/uploads\/2023\/07\/Re\u0301gion-Est-768x768.jpg 768w, https:\/\/sf-microscopie.fr\/wp-content\/uploads\/2023\/07\/Re\u0301gion-Est-600x600.jpg 600w, https:\/\/sf-microscopie.fr\/wp-content\/uploads\/2023\/07\/Re\u0301gion-Est-100x100.jpg 100w\" sizes=\"auto, (max-width: 900px) 100vw, 900px\" title=\"Re\u0301gions\" \/>          \n\t        <\/div>\n                <div class=\"team-desc\">\n            <h3>Jean Marc ELLENS<\/h3>\n            <p class=\"lead\">06 42 42 29 36<\/p>            <div class=\"small-border\"><\/div>\n            <p><span style=\"font-weight: 400;\">Ain \u2022 Allier \u2022 C\u00f4te-d\u2019Or \u2022 Doubs \u2022 Jura \u2022 Haute-Marne \u2022 Meurthe-et-Moselle \u2022\u00a0 Meuse\u2022\u00a0 Moselle \u2022 Ni\u00e8vre \u2022 Bas-Rhin \u2022 Haut-Rhin \u2022 Rh\u00f4ne \u2022 Haute-Sa\u00f4ne \u2022 Sa\u00f4ne-et-Loire \u2022 Vosges \u2022 Territoire-de-Belfort<\/span><\/p>            <div class=\"social\">\n                                                                            <\/div>\n        <\/div>\n    <\/div>\n    <!-- team close -->\n\n<\/div><\/div><\/div><div class=\"wpb_column vc_column_container vc_col-sm-1\/5\"><div class=\"vc_column-inner\"><div class=\"wpb_wrapper\"  >\n\t<!-- Element: OT Our Team --> \t \n    <!-- team member -->\n    <div class=\"de-team-list team-box wow fadeInUp\">\n    \t\t        <div class=\"team-pic\">\n\t        \t<img loading=\"lazy\" decoding=\"async\" width=\"900\" height=\"900\" src=\"https:\/\/sf-microscopie.fr\/wp-content\/uploads\/2023\/07\/Re\u0301gion-Sud-Est.jpg\" class=\"img-responsive\" alt=\"\" srcset=\"https:\/\/sf-microscopie.fr\/wp-content\/uploads\/2023\/07\/Re\u0301gion-Sud-Est.jpg 900w, https:\/\/sf-microscopie.fr\/wp-content\/uploads\/2023\/07\/Re\u0301gion-Sud-Est-300x300.jpg 300w, https:\/\/sf-microscopie.fr\/wp-content\/uploads\/2023\/07\/Re\u0301gion-Sud-Est-150x150.jpg 150w, https:\/\/sf-microscopie.fr\/wp-content\/uploads\/2023\/07\/Re\u0301gion-Sud-Est-768x768.jpg 768w, https:\/\/sf-microscopie.fr\/wp-content\/uploads\/2023\/07\/Re\u0301gion-Sud-Est-600x600.jpg 600w, https:\/\/sf-microscopie.fr\/wp-content\/uploads\/2023\/07\/Re\u0301gion-Sud-Est-100x100.jpg 100w\" sizes=\"auto, (max-width: 900px) 100vw, 900px\" title=\"Re\u0301gions\" \/>          \n\t        <\/div>\n                <div class=\"team-desc\">\n            <h3>Abderrahmane CHERFAOUI<\/h3>\n            <p class=\"lead\">06 81 74 00 52<\/p>            <div class=\"small-border\"><\/div>\n            <p><span style=\"font-weight: 400;\">Alpes de Haute-Provence \u2022 Hautes-Alpes \u2022 Alpes-Maritimes \u2022 Ard\u00e8che \u2022 Bouches-du-Rh\u00f4ne \u2022 Dr\u00f4me \u2022 Is\u00e8re \u2022 Loire \u2022 Haute-Loire \u2022 Puy-de-D\u00f4me \u2022 Savoie \u2022 Haute-Savoie \u2022 Var \u2022 Vaucluse<\/span><\/p>            <div class=\"social\">\n                                                                            <\/div>\n        <\/div>\n    <\/div>\n    <!-- team close -->\n\n<div class=\"vc_empty_space\"   style=\"height: 32px\"><span class=\"vc_empty_space_inner\"><\/span><\/div>\n\t<!-- Element: OT Our Team --> \t \n    <!-- team member -->\n    <div class=\"de-team-list team-box wow fadeInUp\">\n    \t\t        <div class=\"team-pic\">\n\t        \t<img loading=\"lazy\" decoding=\"async\" width=\"900\" height=\"900\" src=\"https:\/\/sf-microscopie.fr\/wp-content\/uploads\/2023\/07\/Re\u0301gion-Nord.jpg\" class=\"img-responsive\" alt=\"\" srcset=\"https:\/\/sf-microscopie.fr\/wp-content\/uploads\/2023\/07\/Re\u0301gion-Nord.jpg 900w, https:\/\/sf-microscopie.fr\/wp-content\/uploads\/2023\/07\/Re\u0301gion-Nord-300x300.jpg 300w, https:\/\/sf-microscopie.fr\/wp-content\/uploads\/2023\/07\/Re\u0301gion-Nord-150x150.jpg 150w, https:\/\/sf-microscopie.fr\/wp-content\/uploads\/2023\/07\/Re\u0301gion-Nord-768x768.jpg 768w, https:\/\/sf-microscopie.fr\/wp-content\/uploads\/2023\/07\/Re\u0301gion-Nord-600x600.jpg 600w, https:\/\/sf-microscopie.fr\/wp-content\/uploads\/2023\/07\/Re\u0301gion-Nord-100x100.jpg 100w\" sizes=\"auto, (max-width: 900px) 100vw, 900px\" title=\"Re\u0301gions\" \/>          \n\t        <\/div>\n                <div class=\"team-desc\">\n            <h3>Anis BATATA<\/h3>\n            <p class=\"lead\">07 76 74 27 28<\/p>            <div class=\"small-border\"><\/div>\n            <p><span style=\"font-weight: 400;\">Aisne \u2022 Calvados \u2022 Eure \u2022 Manche \u2022 Nord \u2022 Oise \u2022 Orne \u2022 Pas-de-Calais \u2022 Seine-Maritime \u2022 Somme \u2022 Hauts-de-Seine \u2022 Val d\u2019oise \u2022 Yvelines<\/span><\/p>            <div class=\"social\">\n                                                                            <\/div>\n        <\/div>\n    <\/div>\n    <!-- team close -->\n\n<\/div><\/div><\/div><div class=\"wpb_column vc_column_container vc_col-sm-1\/5\"><div class=\"vc_column-inner\"><div class=\"wpb_wrapper\"  >\n\t<!-- Element: OT Our Team --> \t \n    <!-- team member -->\n    <div class=\"de-team-list team-box wow fadeInUp\">\n    \t\t        <div class=\"team-pic\">\n\t        \t<img loading=\"lazy\" decoding=\"async\" width=\"900\" height=\"900\" src=\"https:\/\/sf-microscopie.fr\/wp-content\/uploads\/2023\/07\/Re\u0301gion-Sud-Ouest.jpg\" class=\"img-responsive\" alt=\"\" srcset=\"https:\/\/sf-microscopie.fr\/wp-content\/uploads\/2023\/07\/Re\u0301gion-Sud-Ouest.jpg 900w, https:\/\/sf-microscopie.fr\/wp-content\/uploads\/2023\/07\/Re\u0301gion-Sud-Ouest-300x300.jpg 300w, https:\/\/sf-microscopie.fr\/wp-content\/uploads\/2023\/07\/Re\u0301gion-Sud-Ouest-150x150.jpg 150w, https:\/\/sf-microscopie.fr\/wp-content\/uploads\/2023\/07\/Re\u0301gion-Sud-Ouest-768x768.jpg 768w, https:\/\/sf-microscopie.fr\/wp-content\/uploads\/2023\/07\/Re\u0301gion-Sud-Ouest-600x600.jpg 600w, https:\/\/sf-microscopie.fr\/wp-content\/uploads\/2023\/07\/Re\u0301gion-Sud-Ouest-100x100.jpg 100w\" sizes=\"auto, (max-width: 900px) 100vw, 900px\" title=\"Re\u0301gions\" \/>          \n\t        <\/div>\n                <div class=\"team-desc\">\n            <h3>Paul REY<\/h3>\n            <p class=\"lead\">06 40 48 25 55<\/p>            <div class=\"small-border\"><\/div>\n            <p><span style=\"font-weight: 400;\">Ari\u00e8ge \u2022 Aude \u2022 Aveyron \u2022 Cantal \u2022 Corr\u00e8ze \u2022 Creuse \u2022 Dordogne \u2022 Gard \u2022 Haute-Garonne \u2022 Gers \u2022 Gironde \u2022 H\u00e9rault \u2022 Landes \u2022 Lot \u2022 Lot-et-Garonne \u2022 Loz\u00e8re \u2022 Pyr\u00e9n\u00e9es-Atlantiques \u2022 Hautes-Pyr\u00e9n\u00e9es \u2022 Pyr\u00e9n\u00e9es-Orientales \u2022 Tarn \u2022 Tarn-et-Garonne \u2022 Haute-Vienne<\/span><\/p>            <div class=\"social\">\n                                                                            <\/div>\n        <\/div>\n    <\/div>\n    <!-- team close -->\n\n<div class=\"vc_empty_space\"   style=\"height: 32px\"><span class=\"vc_empty_space_inner\"><\/span><\/div>\n\t<!-- Element: OT Our Team --> \t \n    <!-- team member -->\n    <div class=\"de-team-list team-box wow fadeInUp\">\n    \t\t        <div class=\"team-pic\">\n\t        \t<img loading=\"lazy\" decoding=\"async\" width=\"900\" height=\"900\" src=\"https:\/\/sf-microscopie.fr\/wp-content\/uploads\/2025\/01\/Re\u0301gion-Bretagne.jpg\" class=\"img-responsive\" alt=\"\" srcset=\"https:\/\/sf-microscopie.fr\/wp-content\/uploads\/2025\/01\/Re\u0301gion-Bretagne.jpg 900w, https:\/\/sf-microscopie.fr\/wp-content\/uploads\/2025\/01\/Re\u0301gion-Bretagne-300x300.jpg 300w, https:\/\/sf-microscopie.fr\/wp-content\/uploads\/2025\/01\/Re\u0301gion-Bretagne-150x150.jpg 150w, https:\/\/sf-microscopie.fr\/wp-content\/uploads\/2025\/01\/Re\u0301gion-Bretagne-768x768.jpg 768w, https:\/\/sf-microscopie.fr\/wp-content\/uploads\/2025\/01\/Re\u0301gion-Bretagne-12x12.jpg 12w\" sizes=\"auto, (max-width: 900px) 100vw, 900px\" title=\"Re\u0301gions\" \/>          \n\t        <\/div>\n                <div class=\"team-desc\">\n            <h3>Cl\u00e9ment LEMASSON<\/h3>\n            <p class=\"lead\">06 81 74 49 55<\/p>            <div class=\"small-border\"><\/div>\n            <p>C\u00f4tes d&#8217;Armor \u2022 Eure-et-Loir \u2022 Finist\u00e8re \u2022 Ille-et-Vilaine \u2022 Loir-et-Cher \u2022 Mayenne \u2022 Morbihan \u2022 Sarthe<\/p>            <div class=\"social\">\n                                                                            <\/div>\n        <\/div>\n    <\/div>\n    <!-- team close -->\n\n<\/div><\/div><\/div><div class=\"wpb_column vc_column_container vc_col-sm-1\/5\"><div class=\"vc_column-inner\"><div class=\"wpb_wrapper\"  >\n\t<!-- Element: OT Our Team --> \t \n    <!-- team member -->\n    <div class=\"de-team-list team-box wow fadeInUp\">\n    \t\t        <div class=\"team-pic\">\n\t        \t<img loading=\"lazy\" decoding=\"async\" width=\"900\" height=\"900\" src=\"https:\/\/sf-microscopie.fr\/wp-content\/uploads\/2023\/07\/Re\u0301gion-Parisienne-2.jpg\" class=\"img-responsive\" alt=\"\" srcset=\"https:\/\/sf-microscopie.fr\/wp-content\/uploads\/2023\/07\/Re\u0301gion-Parisienne-2.jpg 900w, https:\/\/sf-microscopie.fr\/wp-content\/uploads\/2023\/07\/Re\u0301gion-Parisienne-2-300x300.jpg 300w, https:\/\/sf-microscopie.fr\/wp-content\/uploads\/2023\/07\/Re\u0301gion-Parisienne-2-150x150.jpg 150w, https:\/\/sf-microscopie.fr\/wp-content\/uploads\/2023\/07\/Re\u0301gion-Parisienne-2-768x768.jpg 768w, https:\/\/sf-microscopie.fr\/wp-content\/uploads\/2023\/07\/Re\u0301gion-Parisienne-2-600x600.jpg 600w, https:\/\/sf-microscopie.fr\/wp-content\/uploads\/2023\/07\/Re\u0301gion-Parisienne-2-100x100.jpg 100w\" sizes=\"auto, (max-width: 900px) 100vw, 900px\" title=\"Re\u0301gions\" \/>          \n\t        <\/div>\n                <div class=\"team-desc\">\n            <h3>St\u00e9phane BOYER<\/h3>\n            <p class=\"lead\">06 37 40 03 32<\/p>            <div class=\"small-border\"><\/div>\n            <p><span style=\"font-weight: 400;\">Ardennes \u2022 Aube \u2022 Loiret \u2022 Marne \u2022 Paris \u2022 Seine-et-Marne \u2022 Yonne \u2022 Essonne \u2022 Seine-Saint-Denis \u2022 Val-de-Marne<\/span><\/p>            <div class=\"social\">\n                                                                            <\/div>\n        <\/div>\n    <\/div>\n    <!-- team close -->\n\n<div class=\"vc_empty_space\"   style=\"height: 32px\"><span class=\"vc_empty_space_inner\"><\/span><\/div>\n\t<!-- Element: OT Our Team --> \t \n    <!-- team member -->\n    <div class=\"de-team-list team-box wow fadeInUp\">\n    \t\t        <div class=\"team-pic\">\n\t        \t<img loading=\"lazy\" decoding=\"async\" width=\"900\" height=\"900\" src=\"https:\/\/sf-microscopie.fr\/wp-content\/uploads\/2024\/07\/Re\u0301gions-Benelux.jpg\" class=\"img-responsive\" alt=\"\" srcset=\"https:\/\/sf-microscopie.fr\/wp-content\/uploads\/2024\/07\/Re\u0301gions-Benelux.jpg 900w, https:\/\/sf-microscopie.fr\/wp-content\/uploads\/2024\/07\/Re\u0301gions-Benelux-300x300.jpg 300w, https:\/\/sf-microscopie.fr\/wp-content\/uploads\/2024\/07\/Re\u0301gions-Benelux-150x150.jpg 150w, https:\/\/sf-microscopie.fr\/wp-content\/uploads\/2024\/07\/Re\u0301gions-Benelux-768x768.jpg 768w, https:\/\/sf-microscopie.fr\/wp-content\/uploads\/2024\/07\/Re\u0301gions-Benelux-12x12.jpg 12w\" sizes=\"auto, (max-width: 900px) 100vw, 900px\" title=\"Re\u0301gions\" \/>          \n\t        <\/div>\n                <div class=\"team-desc\">\n            <h3>Nicolas PIRONET<\/h3>\n            <p class=\"lead\">+32 (0) 470 72 47 31<\/p>            <div class=\"small-border\"><\/div>\n            <p><\/p>\n<p class=\"p1\">Le Benelux<\/p>\n<p><\/p>            <div class=\"social\">\n                                                                            <\/div>\n        <\/div>\n    <\/div>\n    <!-- team close -->\n\n<\/div><\/div><\/div><div class=\"wpb_column vc_column_container vc_col-sm-1\/5\"><div class=\"vc_column-inner\"><div class=\"wpb_wrapper\"  >\n\t<!-- Element: OT Our Team --> \t \n    <!-- team member -->\n    <div class=\"de-team-list team-box wow fadeInUp\">\n    \t\t        <div class=\"team-pic\">\n\t        \t<img loading=\"lazy\" decoding=\"async\" width=\"900\" height=\"900\" src=\"https:\/\/sf-microscopie.fr\/wp-content\/uploads\/2025\/01\/Re\u0301gions-Centre-Ouest.jpg\" class=\"img-responsive\" alt=\"\" srcset=\"https:\/\/sf-microscopie.fr\/wp-content\/uploads\/2025\/01\/Re\u0301gions-Centre-Ouest.jpg 900w, https:\/\/sf-microscopie.fr\/wp-content\/uploads\/2025\/01\/Re\u0301gions-Centre-Ouest-300x300.jpg 300w, https:\/\/sf-microscopie.fr\/wp-content\/uploads\/2025\/01\/Re\u0301gions-Centre-Ouest-150x150.jpg 150w, https:\/\/sf-microscopie.fr\/wp-content\/uploads\/2025\/01\/Re\u0301gions-Centre-Ouest-768x768.jpg 768w, https:\/\/sf-microscopie.fr\/wp-content\/uploads\/2025\/01\/Re\u0301gions-Centre-Ouest-12x12.jpg 12w\" sizes=\"auto, (max-width: 900px) 100vw, 900px\" title=\"Re\u0301gions\" \/>          \n\t        <\/div>\n                <div class=\"team-desc\">\n            <h3>Enzo THIBAUD<\/h3>\n            <p class=\"lead\">06 74 97 20 02<\/p>            <div class=\"small-border\"><\/div>\n            <p>Charente \u2022 Charente-Maritime \u2022 Cher \u2022 Indre \u2022 Indre-et-Loire \u2022 Loire-Atlantique \u2022 Maine-et-Loire \u2022 Deux-S\u00e8vres \u2022 Vend\u00e9e \u2022 Vienne<\/p>            <div class=\"social\">\n                                                                            <\/div>\n        <\/div>\n    <\/div>\n    <!-- team close -->\n\n<div class=\"vc_empty_space\"   style=\"height: 32px\"><span class=\"vc_empty_space_inner\"><\/span><\/div><\/div><\/div><\/div><\/div><\/section><section class=\"wpb_row vc_row-fluid\"><div class=\"container\"><div class=\"row\"><div class=\"wpb_column vc_column_container vc_col-sm-12\"><div class=\"vc_column-inner\"><div class=\"wpb_wrapper\"  ><div class=\"vc_empty_space\"   style=\"height: 32px\"><span class=\"vc_empty_space_inner\"><\/span><\/div><\/div><\/div><\/div><\/div><\/div><\/section><\/section><section class=\"wpb_row vc_row-fluid text-light bg-fixed vc_custom_1667341227327 vc_row-has-fill\"><div class=\"container\"><div class=\"row\"><div class=\"wpb_column vc_column_container vc_col-sm-12\"><div class=\"vc_column-inner\"><div class=\"wpb_wrapper wow fadeInUp\"  >\n\t<!-- Element: OT Heading --> \t \n\t<h1 class=\"ot_custom_heading\" style=\"text-align: center;color: #ffffff;\" >Client Testimonials<\/h1>\t\n\t<!-- Element: OT Line solid --> \t \n\t<div class=\"separator\"><span><i class=\"fa fa-circle\"><\/i><\/span><\/div>\n\t<div class=\"spacer-single\"><\/div>\t      \n<\/div><\/div><\/div><div class=\"wpb_column vc_column_container vc_col-sm-12\"><div class=\"vc_column-inner\"><div class=\"wpb_wrapper\"  >\t<!-- Element: OT Testimonial Silder -->\t\n\t<div class=\"testimonial__carousel de_carousel wow fadeInUp\" data-wow-delay=\".3s\" data-visible=\"4\" data-autoplay=\"true\" data-autoheight=\"false\" data-speed=\"1000\" data-navspeed=\"2000\" data-rewinspeed=\"1000\">\n\t        <div class=\"col-md-12 item\">\n            <div class=\"de_testi\">\n                <blockquote>\n                    <p>Very Responsive<\/p>\n                    <div class=\"de_testi_by no-margin\">\n\n                    \t\n\t\t\t\t\t\t<div >\n                        \t                        <\/div>\n\n                    <\/div>\n                <\/blockquote>\n            <\/div>\n        <\/div>\n                <div class=\"col-md-12 item\">\n            <div class=\"de_testi\">\n                <blockquote>\n                    <p>Knowledgeable<\/p>\n                    <div class=\"de_testi_by no-margin\">\n\n                    \t\n\t\t\t\t\t\t<div >\n                        \t                        <\/div>\n\n                    <\/div>\n                <\/blockquote>\n            <\/div>\n        <\/div>\n                <div class=\"col-md-12 item\">\n            <div class=\"de_testi\">\n                <blockquote>\n                    <p>Quick response<\/p>\n                    <div class=\"de_testi_by no-margin\">\n\n                    \t\n\t\t\t\t\t\t<div >\n                        \t                        <\/div>\n\n                    <\/div>\n                <\/blockquote>\n            <\/div>\n        <\/div>\n                <div class=\"col-md-12 item\">\n            <div class=\"de_testi\">\n                <blockquote>\n                    <p>Good Service<\/p>\n                    <div class=\"de_testi_by no-margin\">\n\n                    \t\n\t\t\t\t\t\t<div >\n                        \t                        <\/div>\n\n                    <\/div>\n                <\/blockquote>\n            <\/div>\n        <\/div>\n                <div class=\"col-md-12 item\">\n            <div class=\"de_testi\">\n                <blockquote>\n                    <p>Professional<\/p>\n                    <div class=\"de_testi_by no-margin\">\n\n                    \t\n\t\t\t\t\t\t<div >\n                        \t                        <\/div>\n\n                    <\/div>\n                <\/blockquote>\n            <\/div>\n        <\/div>\n                <div class=\"col-md-12 item\">\n            <div class=\"de_testi\">\n                <blockquote>\n                    <p>A Complete Service<\/p>\n                    <div class=\"de_testi_by no-margin\">\n\n                    \t\n\t\t\t\t\t\t<div >\n                        \t                        <\/div>\n\n                    <\/div>\n                <\/blockquote>\n            <\/div>\n        <\/div>\n                <div class=\"col-md-12 item\">\n            <div class=\"de_testi\">\n                <blockquote>\n                    <p>Very Accessible<\/p>\n                    <div class=\"de_testi_by no-margin\">\n\n                    \t\n\t\t\t\t\t\t<div >\n                        \t                        <\/div>\n\n                    <\/div>\n                <\/blockquote>\n            <\/div>\n        <\/div>\n                <div class=\"col-md-12 item\">\n            <div class=\"de_testi\">\n                <blockquote>\n                    <p>Great to Work With<\/p>\n                    <div class=\"de_testi_by no-margin\">\n\n                    \t\n\t\t\t\t\t\t<div >\n                        \t                        <\/div>\n\n                    <\/div>\n                <\/blockquote>\n            <\/div>\n        <\/div>\n            <\/div>\n\n<\/div><\/div><\/div><\/div><\/div><\/section><section class=\"wpb_row vc_row-fluid call-to-action bg-color text-center vc_custom_1442204580531 no-padding\"><div class=\"row\"><div class=\"wpb_column vc_column_container vc_col-sm-12\"><div class=\"vc_column-inner\"><div class=\"wpb_wrapper\"  >\t\t\t\n\t<!-- Element: OT Button --> \n\t\t\t<a href=\"\/en\/contact\/\" target=\"_self\" class=\"btn btn-line-black btn-big\">Contact US<\/a>\n\t    \n<\/div><\/div><\/div><\/div><\/section>\n<\/div>","protected":false},"excerpt":{"rendered":"Great to Work With","protected":false},"author":1,"featured_media":0,"parent":0,"menu_order":0,"comment_status":"open","ping_status":"closed","template":"page-templates\/template-fullwidth.php","meta":{"footnotes":""},"class_list":["post-229","page","type-page","status-publish","hentry"],"_links":{"self":[{"href":"https:\/\/sf-microscopie.fr\/en\/wp-json\/wp\/v2\/pages\/229","targetHints":{"allow":["GET"]}}],"collection":[{"href":"https:\/\/sf-microscopie.fr\/en\/wp-json\/wp\/v2\/pages"}],"about":[{"href":"https:\/\/sf-microscopie.fr\/en\/wp-json\/wp\/v2\/types\/page"}],"author":[{"embeddable":true,"href":"https:\/\/sf-microscopie.fr\/en\/wp-json\/wp\/v2\/users\/1"}],"replies":[{"embeddable":true,"href":"https:\/\/sf-microscopie.fr\/en\/wp-json\/wp\/v2\/comments?post=229"}],"version-history":[{"count":173,"href":"https:\/\/sf-microscopie.fr\/en\/wp-json\/wp\/v2\/pages\/229\/revisions"}],"predecessor-version":[{"id":2693,"href":"https:\/\/sf-microscopie.fr\/en\/wp-json\/wp\/v2\/pages\/229\/revisions\/2693"}],"wp:attachment":[{"href":"https:\/\/sf-microscopie.fr\/en\/wp-json\/wp\/v2\/media?parent=229"}],"curies":[{"name":"wp","href":"https:\/\/api.w.org\/{rel}","templated":true}]}}