{"id":1723,"date":"2022-11-01T12:58:14","date_gmt":"2022-11-01T12:58:14","guid":{"rendered":"https:\/\/workinprogress.sf-microscopie.fr\/?page_id=1723"},"modified":"2026-02-07T15:32:47","modified_gmt":"2026-02-07T15:32:47","slug":"service-et-formation","status":"publish","type":"page","link":"https:\/\/sf-microscopie.fr\/en\/service-et-formation\/","title":{"rendered":"Service &amp; Training"},"content":{"rendered":"<div class=\"wpb-content-wrapper\"><section class=\"wpb_row vc_row-fluid side-bg no-padding vc_custom_1474447018555 vc_row-has-fill no-padding\"><div class=\"row\"><div class=\"wpb_column vc_column_container vc_col-sm-12\"><div class=\"vc_column-inner\"><div class=\"wpb_wrapper\"  >\t<!-- Element: OT Quick Office -->\n\t<div class=\"side-bg\">\n\n\t\t<div class=\"image-container hidden-xs pull-left col-md-6\" style=\"background-image:url(https:\/\/sf-microscopie.fr\/wp-content\/uploads\/2022\/11\/Depositphotos_195579736_xl-2015-scaled-1.webp); ?>\" data-delay=\"0\"><\/div>\n\n\t\t<!-- Added this code in 26\/03\/2019 -->\n\t\t<img decoding=\"async\" class=\"visible-xs img-responsive\" src=\"https:\/\/sf-microscopie.fr\/wp-content\/uploads\/2022\/11\/Depositphotos_195579736_xl-2015-scaled-1.webp\" \/>\n\n        <div class=\"container\">\n            <div class=\"row\">\n                <div class=\"inner-padding\">\n                    <div class=\"col-md-5 col-md-offset-7 wow fadeInRight\" data-wow-delay=\".2s\">\n                        <h2>Theia Instruments<\/h2><br\/>\n                        <\/p>\n<div class=\"wpb_text_column wpb_content_element\">\n<div class=\"wpb_wrapper\">\n<p><b>Theia Instruments<\/b> provides on-site maintenance and workshop repairs for all brands of microscopes and binoculars. Our technicians are trained to work on all these devices. To better serve you, we work with the major brands in the industry. All our services come with a one-year warranty and a certificate of conformity for your equipment.<\/p>\n<\/div>\n<\/div>\n<p>                    <\/div>\n                    <div class=\"clearfix\"><\/div>\n                <\/div>\n            <\/div>\n        <\/div>\n\t<\/div>\n\n<\/div><\/div><\/div><\/div><\/section><section class=\"wpb_row vc_row-fluid side-bg no-padding vc_custom_1667307699275 vc_row-has-fill no-padding\"><div class=\"row\"><div class=\"wpb_column vc_column_container vc_col-sm-12\"><div class=\"vc_column-inner\"><div class=\"wpb_wrapper\"  >\t<!-- Element: OT Quick Office -->\n\t<div class=\"side-bg\">\n\n\t\t<div class=\"image-container hidden-xs pull-right right0 col-md-6 col-md-offset-6\" style=\"background-image:url(https:\/\/sf-microscopie.fr\/wp-content\/uploads\/2022\/10\/Preventative.jpg); ?>\" data-delay=\"0\"><\/div>\n\n\t\t<!-- Added this code in 26\/03\/2019 -->\n\t\t<img decoding=\"async\" class=\"visible-xs img-responsive\" src=\"https:\/\/sf-microscopie.fr\/wp-content\/uploads\/2022\/10\/Preventative.jpg\" \/>\n\n        <div class=\"container\">\n            <div class=\"row\">\n                <div class=\"inner-padding\">\n                    <div class=\"col-md-5 wow fadeInLeft\" data-wow-delay=\".2s\">\n                        <h2>Preventative Maintenance<\/h2><br\/>\n                        Just as you wipe your glasses, it's important to maintain and clean the optical path of your device. This prevents eye fatigue and extends the life of the device.<\/p>\n<p>An optical device consists of two optical paths that converge on a point on the sample you are observing. When you use your device, the lenses move. This slight movement is normal. Internal movements during use (change of magnification, pupillary distance, movement of the device, change of operator, etc.) eventually cause the optical path to go out of alignment.<\/p>\n<p><a class=\"btn-line\" href=\"\/en\/service\/la-maintenance-preventive\/\">Learn more<\/a>                    <\/div>\n                    <div class=\"clearfix\"><\/div>\n                <\/div>\n            <\/div>\n        <\/div>\n\t<\/div>\n\n<\/div><\/div><\/div><\/div><\/section><section class=\"wpb_row vc_row-fluid side-bg no-padding vc_custom_1667307699275 vc_row-has-fill no-padding\"><div class=\"row\"><div class=\"wpb_column vc_column_container vc_col-sm-12\"><div class=\"vc_column-inner\"><div class=\"wpb_wrapper\"  >\t<!-- Element: OT Quick Office -->\n\t<div class=\"side-bg\">\n\n\t\t<div class=\"image-container hidden-xs pull-left col-md-6\" style=\"background-image:url(https:\/\/sf-microscopie.fr\/wp-content\/uploads\/2022\/10\/Reparation-1.jpg); ?>\" data-delay=\"0\"><\/div>\n\n\t\t<!-- Added this code in 26\/03\/2019 -->\n\t\t<img decoding=\"async\" class=\"visible-xs img-responsive\" src=\"https:\/\/sf-microscopie.fr\/wp-content\/uploads\/2022\/10\/Reparation-1.jpg\" \/>\n\n        <div class=\"container\">\n            <div class=\"row\">\n                <div class=\"inner-padding\">\n                    <div class=\"col-md-5 col-md-offset-7 wow fadeInRight\" data-wow-delay=\".2s\">\n                        <h2>Repairs - After-sales Service<\/h2><br\/>\n                        In-shop repairs<\/p>\n<h2><\/h2>\n<p>We offer repair services in our workshop as well as onsite at your facility.<\/p>\n<p>The repair of your equipment, in our workshops, is performed based on the agreed upon estimate. We use <strong>genuine replacement parts<\/strong> allowing us to <strong>fully guarantee<\/strong> all repairs.                    <\/div>\n                    <div class=\"clearfix\"><\/div>\n                <\/div>\n            <\/div>\n        <\/div>\n\t<\/div>\n\n<\/div><\/div><\/div><\/div><\/section><section class=\"wpb_row vc_row-fluid side-bg no-padding vc_custom_1667307699275 vc_row-has-fill no-padding\"><div class=\"row\"><div class=\"wpb_column vc_column_container vc_col-sm-12\"><div class=\"vc_column-inner\"><div class=\"wpb_wrapper\"  >\t<!-- Element: OT Quick Office -->\n\t<div class=\"side-bg\">\n\n\t\t<div class=\"image-container hidden-xs pull-right right0 col-md-6 col-md-offset-6\" style=\"background-image:url(https:\/\/sf-microscopie.fr\/wp-content\/uploads\/2022\/10\/Formation.jpg); ?>\" data-delay=\"0\"><\/div>\n\n\t\t<!-- Added this code in 26\/03\/2019 -->\n\t\t<img decoding=\"async\" class=\"visible-xs img-responsive\" src=\"https:\/\/sf-microscopie.fr\/wp-content\/uploads\/2022\/10\/Formation.jpg\" \/>\n\n        <div class=\"container\">\n            <div class=\"row\">\n                <div class=\"inner-padding\">\n                    <div class=\"col-md-5 wow fadeInLeft\" data-wow-delay=\".2s\">\n                        <h2>Training<\/h2><br\/>\n                        Our professionals offer <strong>personalized training<\/strong> \u00e0 la bonne utilisation du mat\u00e9riel. Les performances des utilisateurs s&#8217;am\u00e9lioreront : En apprenant \u00e0 r\u00e9gler leur appareil optique et \u00e0 se positionner correctement leur fatigue en sera d&#8217;autant diminu\u00e9e. Vous serez alors inscrits dans une <strong>d\u00e9marche d&#8217;am\u00e9lioration de la production<\/strong>.<\/p>\n<div class=\"spacer-single\"><\/div>\n<p><a class=\"btn-line\" href=\"https:\/\/sf-microscopie.fr\/wp-content\/uploads\/2024\/07\/formation-a\u0300-la-bonne-utilisation-des-binoculaires-GB.pdf\" target=\"_blank\" rel=\"noopener\">Learn more<\/a>                    <\/div>\n                    <div class=\"clearfix\"><\/div>\n                <\/div>\n            <\/div>\n        <\/div>\n\t<\/div>\n\n<\/div><\/div><\/div><\/div><\/section><section class=\"wpb_row vc_row-fluid side-bg no-padding vc_custom_1667307699275 vc_row-has-fill no-padding\"><div class=\"row\"><div class=\"wpb_column vc_column_container vc_col-sm-12\"><div class=\"vc_column-inner\"><div class=\"wpb_wrapper\"  >\t<!-- Element: OT Quick Office -->\n\t<div class=\"side-bg\">\n\n\t\t<div class=\"image-container hidden-xs pull-left col-md-6\" style=\"background-image:url(https:\/\/sf-microscopie.fr\/wp-content\/uploads\/2022\/10\/Telecharger.jpg); ?>\" data-delay=\"0\"><\/div>\n\n\t\t<!-- Added this code in 26\/03\/2019 -->\n\t\t<img decoding=\"async\" class=\"visible-xs img-responsive\" src=\"https:\/\/sf-microscopie.fr\/wp-content\/uploads\/2022\/10\/Telecharger.jpg\" \/>\n\n        <div class=\"container\">\n            <div class=\"row\">\n                <div class=\"inner-padding\">\n                    <div class=\"col-md-5 col-md-offset-7 wow fadeInRight\" data-wow-delay=\".2s\">\n                        <h2>Download the Repair Form<\/h2><br\/>\n                        ------<\/p>\n<h2><\/h2>\n<p>To enable us to identify and process your request as quickly as possible, please complete and return this form together with your device.                    <\/div>\n                    <div class=\"clearfix\"><\/div>\n                <\/div>\n            <\/div>\n        <\/div>\n\t<\/div>\n\n<\/div><\/div><\/div><\/div><\/section>\n<\/div>","protected":false},"excerpt":{"rendered":"Theia Instruments Theia Instruments assure la maintenance sur site et la r\u00e9paration en atelier de vos microscopes et binoculaires, toutes marques. Nos techniciens sont form\u00e9s pour intervenir sur l\u2019ensemble de ces appareils. Afin de mieux vous servir, nous travaillons avec les principaux acteurs du secteur (multimarques). Chacune de nos prestations est garantie un an et [...]","protected":false},"author":1,"featured_media":0,"parent":0,"menu_order":0,"comment_status":"open","ping_status":"closed","template":"page-templates\/template-fullwidth.php","meta":{"footnotes":""},"class_list":["post-1723","page","type-page","status-publish","hentry"],"_links":{"self":[{"href":"https:\/\/sf-microscopie.fr\/en\/wp-json\/wp\/v2\/pages\/1723","targetHints":{"allow":["GET"]}}],"collection":[{"href":"https:\/\/sf-microscopie.fr\/en\/wp-json\/wp\/v2\/pages"}],"about":[{"href":"https:\/\/sf-microscopie.fr\/en\/wp-json\/wp\/v2\/types\/page"}],"author":[{"embeddable":true,"href":"https:\/\/sf-microscopie.fr\/en\/wp-json\/wp\/v2\/users\/1"}],"replies":[{"embeddable":true,"href":"https:\/\/sf-microscopie.fr\/en\/wp-json\/wp\/v2\/comments?post=1723"}],"version-history":[{"count":46,"href":"https:\/\/sf-microscopie.fr\/en\/wp-json\/wp\/v2\/pages\/1723\/revisions"}],"predecessor-version":[{"id":2694,"href":"https:\/\/sf-microscopie.fr\/en\/wp-json\/wp\/v2\/pages\/1723\/revisions\/2694"}],"wp:attachment":[{"href":"https:\/\/sf-microscopie.fr\/en\/wp-json\/wp\/v2\/media?parent=1723"}],"curies":[{"name":"wp","href":"https:\/\/api.w.org\/{rel}","templated":true}]}}