{"id":1714,"date":"2022-11-01T12:48:16","date_gmt":"2022-11-01T12:48:16","guid":{"rendered":"https:\/\/workinprogress.sf-microscopie.fr\/?page_id=1714"},"modified":"2024-03-04T18:18:30","modified_gmt":"2024-03-04T18:18:30","slug":"ergonomonie","status":"publish","type":"page","link":"https:\/\/sf-microscopie.fr\/en\/ergonomonie\/","title":{"rendered":"Ergonomics"},"content":{"rendered":"<div class=\"wpb-content-wrapper\"><section class=\"wpb_row vc_row-fluid side-bg no-padding vc_custom_1474447018555 vc_row-has-fill no-padding\"><div class=\"row\"><div class=\"wpb_column vc_column_container vc_col-sm-12\"><div class=\"vc_column-inner\"><div class=\"wpb_wrapper\"  >\t<!-- Element: OT Quick Office -->\n\t<div class=\"side-bg\">\n\n\t\t<div class=\"image-container hidden-xs pull-left col-md-6\" style=\"background-image:url(https:\/\/sf-microscopie.fr\/wp-content\/uploads\/2022\/11\/Ergonomics.jpeg); ?>\" data-delay=\"0\"><\/div>\n\n\t\t<!-- Added this code in 26\/03\/2019 -->\n\t\t<img decoding=\"async\" class=\"visible-xs img-responsive\" src=\"https:\/\/sf-microscopie.fr\/wp-content\/uploads\/2022\/11\/Ergonomics.jpeg\" \/>\n\n        <div class=\"container\">\n            <div class=\"row\">\n                <div class=\"inner-padding\">\n                    <div class=\"col-md-5 col-md-offset-7 wow fadeInRight\" data-wow-delay=\".2s\">\n                        <h2>Improve your work posture<\/h2><br\/>\n                        Ergonomics involves improving working conditions in order to preserve the operator's health and increase productivity.<\/p>\n<p>Poor body posture can lead to muscular or skeletal pain, injury or malfunction of muscles, tendons, ligaments, joints, nerves and blood vessels (often resulting in cervical osteoarthritis).<\/p>\n<p>Postural and spinal stress affects worker performance and quality of life.                    <\/div>\n                    <div class=\"clearfix\"><\/div>\n                <\/div>\n            <\/div>\n        <\/div>\n\t<\/div>\n\n<\/div><\/div><\/div><\/div><\/section><section class=\"wpb_row vc_row-fluid side-bg no-padding vc_custom_1474447018555 vc_row-has-fill no-padding\"><div class=\"row\"><div class=\"wpb_column vc_column_container vc_col-sm-12\"><div class=\"vc_column-inner\"><div class=\"wpb_wrapper\"  >\t<!-- Element: OT Quick Office -->\n\t<div class=\"side-bg\">\n\n\t\t<div class=\"image-container hidden-xs pull-right right0 col-md-6 col-md-offset-6\" style=\"background-image:url(https:\/\/sf-microscopie.fr\/wp-content\/uploads\/2023\/07\/ErgonOptic_30.jpg); ?>\" data-delay=\"0\"><\/div>\n\n\t\t<!-- Added this code in 26\/03\/2019 -->\n\t\t<img decoding=\"async\" class=\"visible-xs img-responsive\" src=\"https:\/\/sf-microscopie.fr\/wp-content\/uploads\/2023\/07\/ErgonOptic_30.jpg\" \/>\n\n        <div class=\"container\">\n            <div class=\"row\">\n                <div class=\"inner-padding\">\n                    <div class=\"col-md-5 wow fadeInLeft\" data-wow-delay=\".2s\">\n                        <h2>Support your neck and relieve neck pain<\/h2><br\/>\n                        <\/p>\n<div class=\"su-column su-column-size-2-3\">\n<div class=\"su-column-inner su-u-clearfix su-u-trim\">\n<p>Take the strain off your neck by using an ergonomic binocular head (10\u00b0 to 50\u00b0 variation) or an ergocal (5\u00b0 to 25\u00b0 variation).<\/p>\n<p>In addition, binocular adjustment helps to avoid visual fatigue leading to headaches and the potential development of strabismus and\/or other vision related problems.<\/p>\n<\/div>\n<\/div>\n<p>                    <\/div>\n                    <div class=\"clearfix\"><\/div>\n                <\/div>\n            <\/div>\n        <\/div>\n\t<\/div>\n\n<\/div><\/div><\/div><\/div><\/section>\n<\/div>","protected":false},"excerpt":{"rendered":"Am\u00e9liorer les postures de travail L\u2019ergonomie consiste \u00e0 am\u00e9liorer les situations de travail en vue de pr\u00e9server la sant\u00e9 des op\u00e9rateurs tout en augmentant la performance de l\u2019entreprise. Une mauvaise position du corps est susceptible de causer des douleurs musculaires ou squelettiques, des blessures ou un mauvais fonctionnement des muscles, des tendons, ligaments, articulations, nerfs [...]","protected":false},"author":1,"featured_media":0,"parent":0,"menu_order":0,"comment_status":"open","ping_status":"closed","template":"page-templates\/template-fullwidth.php","meta":{"footnotes":""},"class_list":["post-1714","page","type-page","status-publish","hentry"],"_links":{"self":[{"href":"https:\/\/sf-microscopie.fr\/en\/wp-json\/wp\/v2\/pages\/1714","targetHints":{"allow":["GET"]}}],"collection":[{"href":"https:\/\/sf-microscopie.fr\/en\/wp-json\/wp\/v2\/pages"}],"about":[{"href":"https:\/\/sf-microscopie.fr\/en\/wp-json\/wp\/v2\/types\/page"}],"author":[{"embeddable":true,"href":"https:\/\/sf-microscopie.fr\/en\/wp-json\/wp\/v2\/users\/1"}],"replies":[{"embeddable":true,"href":"https:\/\/sf-microscopie.fr\/en\/wp-json\/wp\/v2\/comments?post=1714"}],"version-history":[{"count":19,"href":"https:\/\/sf-microscopie.fr\/en\/wp-json\/wp\/v2\/pages\/1714\/revisions"}],"predecessor-version":[{"id":2487,"href":"https:\/\/sf-microscopie.fr\/en\/wp-json\/wp\/v2\/pages\/1714\/revisions\/2487"}],"wp:attachment":[{"href":"https:\/\/sf-microscopie.fr\/en\/wp-json\/wp\/v2\/media?parent=1714"}],"curies":[{"name":"wp","href":"https:\/\/api.w.org\/{rel}","templated":true}]}}