{"id":1529,"date":"2022-10-25T16:13:08","date_gmt":"2022-10-25T16:13:08","guid":{"rendered":"https:\/\/workinprogress.sf-microscopie.fr\/?page_id=1529"},"modified":"2022-10-25T16:13:29","modified_gmt":"2022-10-25T16:13:29","slug":"projects","status":"publish","type":"page","link":"https:\/\/sf-microscopie.fr\/en\/projects\/","title":{"rendered":"Projects"},"content":{"rendered":"<div class=\"wpb-content-wrapper\"><section class=\"wpb_row vc_row-fluid vc_custom_1495594625318 no-padding\"><div class=\"row\"><div class=\"wpb_column vc_column_container vc_col-sm-12\"><div class=\"vc_column-inner\"><div class=\"wpb_wrapper\"  >  \n\n\t<!-- Element: OT Portfolio Filter -->\n\t<div class=\"projects-grid-wrapper\">\n\t\t\t\t\t<div class=\"container\">\n\t\t    \t<!-- portfolio filter begin -->\n\t\t\t    <div class=\"row\">\n\t\t\t        <div class=\"col-md-12 text-center\">\n\t\t\t            <ul id=\"filter\" class=\"project_filters wow fadeInUp listed_taxonomy_filters\" data-wow-delay=\"0s\">\n\t\t\t            \t<li><a href=\"#\" data-filter=\"*\" class=\"selected\">All<\/a><\/li>                    \n\t\t\t                <li class=\"cate_parent\"><a href=\"#\" data-filter=\".category-59\">Accessories<\/a><\/li><li class=\"cate_parent\"><a href=\"#\" data-filter=\".category-57\">Cameras<\/a><\/li><li class=\"cate_parent\"><a href=\"#\" data-filter=\".category-56\">Illuminators<\/a><\/li><li class=\"cate_parent\"><a href=\"#\" data-filter=\".category-53\">Microscopes<\/a><\/li><li class=\"cate_parent\"><a href=\"#\" data-filter=\".category-62\">Digital Microscopes<\/a><\/li><li class=\"cate_parent\"><a href=\"#\" data-filter=\".category-52\">Stereo Microscopes<\/a><\/li><li class=\"cate_parent\"><a href=\"#\" data-filter=\".category-63\">Material analysis systems<\/a><\/li><li class=\"cate_parent\"><a href=\"#\" data-filter=\".category-58\">Microscope Software Platforms<\/a><\/li>                    \n\t\t\t            <\/ul>\n\t\t\t        <\/div>\n\t\t\t    <\/div>\n\t\t    \t<!-- portfolio filter close -->\n\t\t    <\/div>\n\t    \n\t    <div class=\"projects-grid projects-load-ajax overlay_s1  pf_4_cols\" style=\"margin: -0px 0px\">\n\t    \t<div class=\"project-item-sizer\"><\/div>\n\t                     \n\t        <!-- gallery item -->\n\t        <div class=\"project-item category-63\" style=\"padding:0px\">\n\t        \t<div class=\"projects-box\">\n\t\t\t\t\t<div class=\"projects-thumbnail\">\n\t\t\t\t\t\t<img loading=\"lazy\" decoding=\"async\" width=\"750\" height=\"499\" src=\"https:\/\/sf-microscopie.fr\/wp-content\/uploads\/2023\/03\/csm_Steel-Analysis-Software-LAS_8566891215-1-750x499.jpg\" class=\"attachment-thumb-portfolio size-thumb-portfolio wp-post-image\" alt=\"\" srcset=\"https:\/\/sf-microscopie.fr\/wp-content\/uploads\/2023\/03\/csm_Steel-Analysis-Software-LAS_8566891215-1-750x499.jpg 750w, https:\/\/sf-microscopie.fr\/wp-content\/uploads\/2023\/03\/csm_Steel-Analysis-Software-LAS_8566891215-1-300x200.jpg 300w, https:\/\/sf-microscopie.fr\/wp-content\/uploads\/2023\/03\/csm_Steel-Analysis-Software-LAS_8566891215-1-600x400.jpg 600w\" sizes=\"auto, (max-width: 750px) 100vw, 750px\" title=\"csm_Steel-Analysis-Software-LAS_8566891215\" \/>\t\t\t\t\t<\/div>\t\t\t\t\t\t\t\n\t\t\t\t\t<a  href=\"https:\/\/sf-microscopie.fr\/en\/portfolio\/steel-expert\/\">\n\t\t\t\t\t\t<span class=\"project-overlay\">\n\t\t\t\t\t\t\t<span class=\"project-name id-color\">LAS X Steel Expert software<\/span>\t\n\t\t\t\t\t\t<\/span>\n\t\t\t\t\t<\/a>\t\n\t\t\t\t<\/div>\n\t        <\/div>        \n\t        <!-- close gallery item -->\n\t                     \n\t        <!-- gallery item -->\n\t        <div class=\"project-item category-63\" style=\"padding:0px\">\n\t        \t<div class=\"projects-box\">\n\t\t\t\t\t<div class=\"projects-thumbnail\">\n\t\t\t\t\t\t<img loading=\"lazy\" decoding=\"async\" width=\"750\" height=\"499\" src=\"https:\/\/sf-microscopie.fr\/wp-content\/uploads\/2023\/03\/Leica_cleanliness-expert-10-750x499.jpg\" class=\"attachment-thumb-portfolio size-thumb-portfolio wp-post-image\" alt=\"\" title=\"Leica_cleanliness expert 10\" \/>\t\t\t\t\t<\/div>\t\t\t\t\t\t\t\n\t\t\t\t\t<a  href=\"https:\/\/sf-microscopie.fr\/en\/portfolio\/cleanliness-expert\/\">\n\t\t\t\t\t\t<span class=\"project-overlay\">\n\t\t\t\t\t\t\t<span class=\"project-name id-color\">LAS X Cleanliness Expert software<\/span>\t\n\t\t\t\t\t\t<\/span>\n\t\t\t\t\t<\/a>\t\n\t\t\t\t<\/div>\n\t        <\/div>        \n\t        <!-- close gallery item -->\n\t                     \n\t        <!-- gallery item -->\n\t        <div class=\"project-item category-63\" style=\"padding:0px\">\n\t        \t<div class=\"projects-box\">\n\t\t\t\t\t<div class=\"projects-thumbnail\">\n\t\t\t\t\t\t<img loading=\"lazy\" decoding=\"async\" width=\"750\" height=\"499\" src=\"https:\/\/sf-microscopie.fr\/wp-content\/uploads\/2023\/03\/Leica_DM6M_LIBS-750x499.jpg\" class=\"attachment-thumb-portfolio size-thumb-portfolio wp-post-image\" alt=\"\" title=\"Leica_DM6M_LIBS\" \/>\t\t\t\t\t<\/div>\t\t\t\t\t\t\t\n\t\t\t\t\t<a  href=\"https:\/\/sf-microscopie.fr\/en\/portfolio\/dm6-m-libs\/\">\n\t\t\t\t\t\t<span class=\"project-overlay\">\n\t\t\t\t\t\t\t<span class=\"project-name id-color\">DM6 M LIBS<\/span>\t\n\t\t\t\t\t\t<\/span>\n\t\t\t\t\t<\/a>\t\n\t\t\t\t<\/div>\n\t        <\/div>        \n\t        <!-- close gallery item -->\n\t                     \n\t        <!-- gallery item -->\n\t        <div class=\"project-item category-59\" style=\"padding:0px\">\n\t        \t<div class=\"projects-box\">\n\t\t\t\t\t<div class=\"projects-thumbnail\">\n\t\t\t\t\t\t<img loading=\"lazy\" decoding=\"async\" width=\"750\" height=\"499\" src=\"https:\/\/sf-microscopie.fr\/wp-content\/uploads\/2023\/03\/Reticules-1-750x499.jpg\" class=\"attachment-thumb-portfolio size-thumb-portfolio wp-post-image\" alt=\"\" title=\"Reticules\" \/>\t\t\t\t\t<\/div>\t\t\t\t\t\t\t\n\t\t\t\t\t<a  href=\"https:\/\/sf-microscopie.fr\/en\/portfolio\/reticules-et-micrometres-objets\/\">\n\t\t\t\t\t\t<span class=\"project-overlay\">\n\t\t\t\t\t\t\t<span class=\"project-name id-color\">Reticles and Micrometers<\/span>\t\n\t\t\t\t\t\t<\/span>\n\t\t\t\t\t<\/a>\t\n\t\t\t\t<\/div>\n\t        <\/div>        \n\t        <!-- close gallery item -->\n\t                     \n\t        <!-- gallery item -->\n\t        <div class=\"project-item category-58\" style=\"padding:0px\">\n\t        \t<div class=\"projects-box\">\n\t\t\t\t\t<div class=\"projects-thumbnail\">\n\t\t\t\t\t\t<img loading=\"lazy\" decoding=\"async\" width=\"750\" height=\"499\" src=\"https:\/\/sf-microscopie.fr\/wp-content\/uploads\/2023\/03\/Enersight_mobile-app-750x499.jpg\" class=\"attachment-thumb-portfolio size-thumb-portfolio wp-post-image\" alt=\"\" srcset=\"https:\/\/sf-microscopie.fr\/wp-content\/uploads\/2023\/03\/Enersight_mobile-app-750x499.jpg 750w, https:\/\/sf-microscopie.fr\/wp-content\/uploads\/2023\/03\/Enersight_mobile-app-300x200.jpg 300w, https:\/\/sf-microscopie.fr\/wp-content\/uploads\/2023\/03\/Enersight_mobile-app-768x512.jpg 768w, https:\/\/sf-microscopie.fr\/wp-content\/uploads\/2023\/03\/Enersight_mobile-app-600x400.jpg 600w, https:\/\/sf-microscopie.fr\/wp-content\/uploads\/2023\/03\/Enersight_mobile-app.jpg 900w\" sizes=\"auto, (max-width: 750px) 100vw, 750px\" title=\"App Store icon app on screen iPhone macro interface. App Store i\" \/>\t\t\t\t\t<\/div>\t\t\t\t\t\t\t\n\t\t\t\t\t<a  href=\"https:\/\/sf-microscopie.fr\/en\/portfolio\/enersight\/\">\n\t\t\t\t\t\t<span class=\"project-overlay\">\n\t\t\t\t\t\t\t<span class=\"project-name id-color\">Enersight<\/span>\t\n\t\t\t\t\t\t<\/span>\n\t\t\t\t\t<\/a>\t\n\t\t\t\t<\/div>\n\t        <\/div>        \n\t        <!-- close gallery item -->\n\t                     \n\t        <!-- gallery item -->\n\t        <div class=\"project-item category-58\" style=\"padding:0px\">\n\t        \t<div class=\"projects-box\">\n\t\t\t\t\t<div class=\"projects-thumbnail\">\n\t\t\t\t\t\t<img loading=\"lazy\" decoding=\"async\" width=\"750\" height=\"499\" src=\"https:\/\/sf-microscopie.fr\/wp-content\/uploads\/2023\/03\/Leica_DVM6_screenshot_Coin_Multifocus-750x499.jpg\" class=\"attachment-thumb-portfolio size-thumb-portfolio wp-post-image\" alt=\"\" title=\"Leica_DVM6_screenshot_Coin_Multifocus\" \/>\t\t\t\t\t<\/div>\t\t\t\t\t\t\t\n\t\t\t\t\t<a  href=\"https:\/\/sf-microscopie.fr\/en\/portfolio\/las-x\/\">\n\t\t\t\t\t\t<span class=\"project-overlay\">\n\t\t\t\t\t\t\t<span class=\"project-name id-color\">LAS X<\/span>\t\n\t\t\t\t\t\t<\/span>\n\t\t\t\t\t<\/a>\t\n\t\t\t\t<\/div>\n\t        <\/div>        \n\t        <!-- close gallery item -->\n\t                     \n\t        <!-- gallery item -->\n\t        <div class=\"project-item category-57\" style=\"padding:0px\">\n\t        \t<div class=\"projects-box\">\n\t\t\t\t\t<div class=\"projects-thumbnail\">\n\t\t\t\t\t\t<img loading=\"lazy\" decoding=\"async\" width=\"750\" height=\"499\" src=\"https:\/\/sf-microscopie.fr\/wp-content\/uploads\/2023\/03\/K5C_V2_Thunder-750x499.jpg\" class=\"attachment-thumb-portfolio size-thumb-portfolio wp-post-image\" alt=\"\" title=\"K5C_V2_Thunder\" \/>\t\t\t\t\t<\/div>\t\t\t\t\t\t\t\n\t\t\t\t\t<a  href=\"https:\/\/sf-microscopie.fr\/en\/portfolio\/cameras-connectees\/\">\n\t\t\t\t\t\t<span class=\"project-overlay\">\n\t\t\t\t\t\t\t<span class=\"project-name id-color\">Connected Cameras<\/span>\t\n\t\t\t\t\t\t<\/span>\n\t\t\t\t\t<\/a>\t\n\t\t\t\t<\/div>\n\t        <\/div>        \n\t        <!-- close gallery item -->\n\t                     \n\t        <!-- gallery item -->\n\t        <div class=\"project-item category-57\" style=\"padding:0px\">\n\t        \t<div class=\"projects-box\">\n\t\t\t\t\t<div class=\"projects-thumbnail\">\n\t\t\t\t\t\t<img loading=\"lazy\" decoding=\"async\" width=\"750\" height=\"499\" src=\"https:\/\/sf-microscopie.fr\/wp-content\/uploads\/2023\/03\/Flexcam-C5-1-750x499.jpg\" class=\"attachment-thumb-portfolio size-thumb-portfolio wp-post-image\" alt=\"\" title=\"Flexcam C5\" \/>\t\t\t\t\t<\/div>\t\t\t\t\t\t\t\n\t\t\t\t\t<a  href=\"https:\/\/sf-microscopie.fr\/en\/portfolio\/cameras-autonomes\/\">\n\t\t\t\t\t\t<span class=\"project-overlay\">\n\t\t\t\t\t\t\t<span class=\"project-name id-color\">Autonomous Cameras<\/span>\t\n\t\t\t\t\t\t<\/span>\n\t\t\t\t\t<\/a>\t\n\t\t\t\t<\/div>\n\t        <\/div>        \n\t        <!-- close gallery item -->\n\t                     \n\t        <!-- gallery item -->\n\t        <div class=\"project-item category-57\" style=\"padding:0px\">\n\t        \t<div class=\"projects-box\">\n\t\t\t\t\t<div class=\"projects-thumbnail\">\n\t\t\t\t\t\t<img loading=\"lazy\" decoding=\"async\" width=\"750\" height=\"499\" src=\"https:\/\/sf-microscopie.fr\/wp-content\/uploads\/2023\/03\/Flexcami5_DM750-P_1-750x499.jpg\" class=\"attachment-thumb-portfolio size-thumb-portfolio wp-post-image\" alt=\"\" title=\"Flexcami5_DM750 P_1\" \/>\t\t\t\t\t<\/div>\t\t\t\t\t\t\t\n\t\t\t\t\t<a  href=\"https:\/\/sf-microscopie.fr\/en\/portfolio\/cameras-integrees\/\">\n\t\t\t\t\t\t<span class=\"project-overlay\">\n\t\t\t\t\t\t\t<span class=\"project-name id-color\">Integrated Cameras<\/span>\t\n\t\t\t\t\t\t<\/span>\n\t\t\t\t\t<\/a>\t\n\t\t\t\t<\/div>\n\t        <\/div>        \n\t        <!-- close gallery item -->\n\t                     \n\t        <!-- gallery item -->\n\t        <div class=\"project-item category-62\" style=\"padding:0px\">\n\t        \t<div class=\"projects-box\">\n\t\t\t\t\t<div class=\"projects-thumbnail\">\n\t\t\t\t\t\t<img loading=\"lazy\" decoding=\"async\" width=\"750\" height=\"499\" src=\"https:\/\/sf-microscopie.fr\/wp-content\/uploads\/2023\/03\/Emspira_3_3_mobile-devices-1-750x499.jpg\" class=\"attachment-thumb-portfolio size-thumb-portfolio wp-post-image\" alt=\"\" title=\"Emspira_3_3_mobile devices\" \/>\t\t\t\t\t<\/div>\t\t\t\t\t\t\t\n\t\t\t\t\t<a  href=\"https:\/\/sf-microscopie.fr\/en\/portfolio\/emspira\/\">\n\t\t\t\t\t\t<span class=\"project-overlay\">\n\t\t\t\t\t\t\t<span class=\"project-name id-color\">Emspira 3<\/span>\t\n\t\t\t\t\t\t<\/span>\n\t\t\t\t\t<\/a>\t\n\t\t\t\t<\/div>\n\t        <\/div>        \n\t        <!-- close gallery item -->\n\t                     \n\t        <!-- gallery item -->\n\t        <div class=\"project-item category-62\" style=\"padding:0px\">\n\t        \t<div class=\"projects-box\">\n\t\t\t\t\t<div class=\"projects-thumbnail\">\n\t\t\t\t\t\t<img loading=\"lazy\" decoding=\"async\" width=\"750\" height=\"499\" src=\"https:\/\/sf-microscopie.fr\/wp-content\/uploads\/2023\/03\/Microscope-numerique_-750x499.jpg\" class=\"attachment-thumb-portfolio size-thumb-portfolio wp-post-image\" alt=\"\" title=\"Microscope numerique_\" \/>\t\t\t\t\t<\/div>\t\t\t\t\t\t\t\n\t\t\t\t\t<a  href=\"https:\/\/sf-microscopie.fr\/en\/portfolio\/dvm6\/\">\n\t\t\t\t\t\t<span class=\"project-overlay\">\n\t\t\t\t\t\t\t<span class=\"project-name id-color\">DVM6<\/span>\t\n\t\t\t\t\t\t<\/span>\n\t\t\t\t\t<\/a>\t\n\t\t\t\t<\/div>\n\t        <\/div>        \n\t        <!-- close gallery item -->\n\t                     \n\t        <!-- gallery item -->\n\t        <div class=\"project-item category-53\" style=\"padding:0px\">\n\t        \t<div class=\"projects-box\">\n\t\t\t\t\t<div class=\"projects-thumbnail\">\n\t\t\t\t\t\t<img loading=\"lazy\" decoding=\"async\" width=\"750\" height=\"499\" src=\"https:\/\/sf-microscopie.fr\/wp-content\/uploads\/2023\/03\/Leica_DM4_P_1_small-1-750x499.jpg\" class=\"attachment-thumb-portfolio size-thumb-portfolio wp-post-image\" alt=\"\" title=\"Leica_DM4_P_1_small\" \/>\t\t\t\t\t<\/div>\t\t\t\t\t\t\t\n\t\t\t\t\t<a  href=\"https:\/\/sf-microscopie.fr\/en\/portfolio\/microscopes-de-polarisation\/\">\n\t\t\t\t\t\t<span class=\"project-overlay\">\n\t\t\t\t\t\t\t<span class=\"project-name id-color\">Polarization Microscopes<\/span>\t\n\t\t\t\t\t\t<\/span>\n\t\t\t\t\t<\/a>\t\n\t\t\t\t<\/div>\n\t        <\/div>        \n\t        <!-- close gallery item -->\n\t        \t    <\/div>\n\t    \t    \t<\/div>\n<\/div><\/div><\/div><\/div><\/section><section class=\"wpb_row vc_row-fluid call-to-action bg-color text-center vc_custom_1442204572844 no-padding\"><div class=\"row\"><div class=\"wpb_column vc_column_container vc_col-sm-12\"><div class=\"vc_column-inner\"><div class=\"wpb_wrapper\"  >\t\t\t\n\t<!-- Element: OT Button --> \n\t\t\t<a href=\"http:\/\/demo.archiwp.com\/light-version\/contact\/\" target=\"_self\" class=\"btn btn-line-black btn-big\">Get Quotation<\/a>\n\t    \n<\/div><\/div><\/div><\/div><\/section>\n<\/div>","protected":false},"excerpt":{"rendered":"Microscopes de Polarisation DM 750P \u2013 Visoria P \u2013 DM 4 P La gamme pr\u00e9sente des microscopes de polarisation LED adapt\u00e9s \u00e0 l\u2019enseignement, la routine et \u00e0 la recherche. Ils se caract\u00e9risent par une platine tournante et la possibilit\u00e9 de centrer les objectifs. La recherche d\u2019amiante n\u00e9cessite un microscope de ce type avec des objectifs [...]","protected":false},"author":1,"featured_media":0,"parent":0,"menu_order":0,"comment_status":"open","ping_status":"closed","template":"page-templates\/template-fullwidth.php","meta":{"footnotes":""},"class_list":["post-1529","page","type-page","status-publish","hentry"],"_links":{"self":[{"href":"https:\/\/sf-microscopie.fr\/en\/wp-json\/wp\/v2\/pages\/1529","targetHints":{"allow":["GET"]}}],"collection":[{"href":"https:\/\/sf-microscopie.fr\/en\/wp-json\/wp\/v2\/pages"}],"about":[{"href":"https:\/\/sf-microscopie.fr\/en\/wp-json\/wp\/v2\/types\/page"}],"author":[{"embeddable":true,"href":"https:\/\/sf-microscopie.fr\/en\/wp-json\/wp\/v2\/users\/1"}],"replies":[{"embeddable":true,"href":"https:\/\/sf-microscopie.fr\/en\/wp-json\/wp\/v2\/comments?post=1529"}],"version-history":[{"count":1,"href":"https:\/\/sf-microscopie.fr\/en\/wp-json\/wp\/v2\/pages\/1529\/revisions"}],"predecessor-version":[{"id":1530,"href":"https:\/\/sf-microscopie.fr\/en\/wp-json\/wp\/v2\/pages\/1529\/revisions\/1530"}],"wp:attachment":[{"href":"https:\/\/sf-microscopie.fr\/en\/wp-json\/wp\/v2\/media?parent=1529"}],"curies":[{"name":"wp","href":"https:\/\/api.w.org\/{rel}","templated":true}]}}